{"id":724,"date":"2019-01-30T15:09:04","date_gmt":"2019-01-30T14:09:04","guid":{"rendered":"http:\/\/www.liot-arteditions.com\/sharewood\/?post_type=product&#038;p=724"},"modified":"2024-04-03T15:54:33","modified_gmt":"2024-04-03T13:54:33","slug":"slow-table","status":"publish","type":"product","link":"https:\/\/www.sharewood.fr\/?product=slow-table","title":{"rendered":"Slow table CH\u00caNE"},"content":{"rendered":"<p>Table basse<br \/>\nCh\u00eane massif &#8211; Utilisation int\u00e9rieure<br \/>\n96 x 96 x 42 cm<\/p>\n<p>C&rsquo;est une grande table carr\u00e9e, \u00e0 hauteur id\u00e9ale pour \u00eatre utilis\u00e9e avec les fauteuils Shelter<\/p>\n<p>Ces tables sont r\u00e9alisables sur commande en Iroko massif pour l&rsquo;ext\u00e9rieur ou en acacia pour \u00eatre peintes<\/p>\n<p>Housse de protection et d&rsquo;hivernage sur devis<\/p>\n","protected":false},"excerpt":{"rendered":"<p>Table basse Ch\u00eane massif &#8211; Utilisation int\u00e9rieure 96 x 96 x 42 cm C&rsquo;est une grande table carr\u00e9e, \u00e0 hauteur id\u00e9ale pour \u00eatre utilis\u00e9e avec les fauteuils Shelter Ces tables sont r\u00e9alisables sur commande en Iroko massif pour l&rsquo;ext\u00e9rieur ou&hellip;<\/p>\n","protected":false},"featured_media":1346,"template":"","meta":{"_acf_changed":false},"product_brand":[],"product_cat":[35],"product_tag":[],"class_list":{"0":"post-724","1":"product","2":"type-product","3":"status-publish","4":"has-post-thumbnail","6":"product_cat-chaises-et-fauteuils","7":"entry","8":"has-media","10":"first","11":"outofstock","12":"shipping-taxable","13":"purchasable","14":"product-type-simple","15":"col","16":"wpex-woo-entry","17":"span_1_of_3"},"acf":[],"_links":{"self":[{"href":"https:\/\/www.sharewood.fr\/index.php?rest_route=\/wp\/v2\/product\/724","targetHints":{"allow":["GET"]}}],"collection":[{"href":"https:\/\/www.sharewood.fr\/index.php?rest_route=\/wp\/v2\/product"}],"about":[{"href":"https:\/\/www.sharewood.fr\/index.php?rest_route=\/wp\/v2\/types\/product"}],"wp:featuredmedia":[{"embeddable":true,"href":"https:\/\/www.sharewood.fr\/index.php?rest_route=\/wp\/v2\/media\/1346"}],"wp:attachment":[{"href":"https:\/\/www.sharewood.fr\/index.php?rest_route=%2Fwp%2Fv2%2Fmedia&parent=724"}],"wp:term":[{"taxonomy":"product_brand","embeddable":true,"href":"https:\/\/www.sharewood.fr\/index.php?rest_route=%2Fwp%2Fv2%2Fproduct_brand&post=724"},{"taxonomy":"product_cat","embeddable":true,"href":"https:\/\/www.sharewood.fr\/index.php?rest_route=%2Fwp%2Fv2%2Fproduct_cat&post=724"},{"taxonomy":"product_tag","embeddable":true,"href":"https:\/\/www.sharewood.fr\/index.php?rest_route=%2Fwp%2Fv2%2Fproduct_tag&post=724"}],"curies":[{"name":"wp","href":"https:\/\/api.w.org\/{rel}","templated":true}]}}