{"id":722,"date":"2019-01-30T15:06:18","date_gmt":"2019-01-30T14:06:18","guid":{"rendered":"http:\/\/www.liot-arteditions.com\/sharewood\/?post_type=product&#038;p=722"},"modified":"2024-04-03T15:54:33","modified_gmt":"2024-04-03T13:54:33","slug":"shelter-double","status":"publish","type":"product","link":"https:\/\/www.sharewood.fr\/?product=shelter-double","title":{"rendered":"Shelter double"},"content":{"rendered":"<p>Fauteuil Adirondack assise double<br \/>\nIroko massif &#8211; Fabrication Fran\u00e7aise<br \/>\n90 x 90 x 138 cm<\/p>\n<p>Les propri\u00e9t\u00e9s de l&rsquo;Iroko en font un bois exceptionnel.<br \/>\nIl est particuli\u00e8rement appr\u00e9ci\u00e9 pour la construction de meubles d&rsquo;ext\u00e9rieur.<br \/>\nBrun \/ blond \u00e0 l&rsquo;origine, le bois prend une teinte gris cendr\u00e9 apr\u00e8s quelques semaines \u00e0 l&rsquo;ext\u00e9rieur.<\/p>\n<p>Ces fauteuils sont fabriqu\u00e9s \u00e0 la commande.<\/p>\n<p>Une version re-dessin\u00e9e et \u00e9pur\u00e9e d&rsquo;un grand classique<br \/>\nGrande taille, larges accoudoirs et une ergonomie tr\u00e8s \u00e9tudi\u00e9e pour un confort maximal.<\/p>\n<p>Utilisation : int\u00e9rieur\/ext\u00e9rieur<\/p>\n","protected":false},"excerpt":{"rendered":"<p>Fauteuil Adirondack assise double Iroko massif &#8211; Fabrication Fran\u00e7aise 90 x 90 x 138 cm Les propri\u00e9t\u00e9s de l&rsquo;Iroko en font un bois exceptionnel. Il est particuli\u00e8rement appr\u00e9ci\u00e9 pour la construction de meubles d&rsquo;ext\u00e9rieur. Brun \/ blond \u00e0 l&rsquo;origine, le&hellip;<\/p>\n","protected":false},"featured_media":684,"template":"","meta":{"_acf_changed":false},"product_brand":[],"product_cat":[35],"product_tag":[],"class_list":{"0":"post-722","1":"product","2":"type-product","3":"status-publish","4":"has-post-thumbnail","6":"product_cat-chaises-et-fauteuils","7":"entry","8":"has-media","10":"first","11":"outofstock","12":"shipping-taxable","13":"purchasable","14":"product-type-simple","15":"col","16":"wpex-woo-entry","17":"span_1_of_3"},"acf":[],"_links":{"self":[{"href":"https:\/\/www.sharewood.fr\/index.php?rest_route=\/wp\/v2\/product\/722","targetHints":{"allow":["GET"]}}],"collection":[{"href":"https:\/\/www.sharewood.fr\/index.php?rest_route=\/wp\/v2\/product"}],"about":[{"href":"https:\/\/www.sharewood.fr\/index.php?rest_route=\/wp\/v2\/types\/product"}],"wp:featuredmedia":[{"embeddable":true,"href":"https:\/\/www.sharewood.fr\/index.php?rest_route=\/wp\/v2\/media\/684"}],"wp:attachment":[{"href":"https:\/\/www.sharewood.fr\/index.php?rest_route=%2Fwp%2Fv2%2Fmedia&parent=722"}],"wp:term":[{"taxonomy":"product_brand","embeddable":true,"href":"https:\/\/www.sharewood.fr\/index.php?rest_route=%2Fwp%2Fv2%2Fproduct_brand&post=722"},{"taxonomy":"product_cat","embeddable":true,"href":"https:\/\/www.sharewood.fr\/index.php?rest_route=%2Fwp%2Fv2%2Fproduct_cat&post=722"},{"taxonomy":"product_tag","embeddable":true,"href":"https:\/\/www.sharewood.fr\/index.php?rest_route=%2Fwp%2Fv2%2Fproduct_tag&post=722"}],"curies":[{"name":"wp","href":"https:\/\/api.w.org\/{rel}","templated":true}]}}