{"id":1275,"date":"2019-11-24T13:59:07","date_gmt":"2019-11-24T12:59:07","guid":{"rendered":"https:\/\/www.sharewood.fr\/?post_type=product&#038;p=1275"},"modified":"2021-12-14T08:54:38","modified_gmt":"2021-12-14T07:54:38","slug":"fairy-lounge-fourrure","status":"publish","type":"product","link":"https:\/\/www.sharewood.fr\/?product=fairy-lounge-fourrure","title":{"rendered":"Fairy Lounge Fourrure"},"content":{"rendered":"<h4>Une Chaise longue int\u00e9rieure, simple, chic et ultra confortable.<\/h4>\n<p>100 x 80 x 68 cm<\/p>\n<p>Sur la base du fauteuil Fairy Lounge et de la toile Sunbrella\u00ae, qui s\u2019ins\u00e8re sur la structure en un clin d\u2019\u0153il, une d\u00e9clinaison \u00ab\u00a0Hiver\u00a0\u00bb r\u00e9solument confortable avec cette assise en fausse fourrure de tr\u00e8s belle qualit\u00e9, r\u00e9alis\u00e9e \u00e0 la demande.<\/p>\n","protected":false},"excerpt":{"rendered":"<p>Une Chaise longue int\u00e9rieure, simple, chic et ultra confortable. 100 x 80 x 68 cm Sur la base du fauteuil Fairy Lounge et de la toile Sunbrella\u00ae, qui s\u2019ins\u00e8re sur la structure en un clin d\u2019\u0153il, une d\u00e9clinaison \u00ab\u00a0Hiver\u00a0\u00bb r\u00e9solument&hellip;<\/p>\n","protected":false},"featured_media":1290,"template":"","meta":{"_acf_changed":false},"product_brand":[],"product_cat":[36],"product_tag":[],"class_list":{"0":"post-1275","1":"product","2":"type-product","3":"status-publish","4":"has-post-thumbnail","6":"product_cat-fairy","7":"entry","8":"has-media","10":"first","11":"instock","12":"shipping-taxable","13":"purchasable","14":"product-type-simple","15":"col","16":"wpex-woo-entry","17":"span_1_of_3"},"acf":[],"_links":{"self":[{"href":"https:\/\/www.sharewood.fr\/index.php?rest_route=\/wp\/v2\/product\/1275","targetHints":{"allow":["GET"]}}],"collection":[{"href":"https:\/\/www.sharewood.fr\/index.php?rest_route=\/wp\/v2\/product"}],"about":[{"href":"https:\/\/www.sharewood.fr\/index.php?rest_route=\/wp\/v2\/types\/product"}],"wp:featuredmedia":[{"embeddable":true,"href":"https:\/\/www.sharewood.fr\/index.php?rest_route=\/wp\/v2\/media\/1290"}],"wp:attachment":[{"href":"https:\/\/www.sharewood.fr\/index.php?rest_route=%2Fwp%2Fv2%2Fmedia&parent=1275"}],"wp:term":[{"taxonomy":"product_brand","embeddable":true,"href":"https:\/\/www.sharewood.fr\/index.php?rest_route=%2Fwp%2Fv2%2Fproduct_brand&post=1275"},{"taxonomy":"product_cat","embeddable":true,"href":"https:\/\/www.sharewood.fr\/index.php?rest_route=%2Fwp%2Fv2%2Fproduct_cat&post=1275"},{"taxonomy":"product_tag","embeddable":true,"href":"https:\/\/www.sharewood.fr\/index.php?rest_route=%2Fwp%2Fv2%2Fproduct_tag&post=1275"}],"curies":[{"name":"wp","href":"https:\/\/api.w.org\/{rel}","templated":true}]}}