{"id":1072,"date":"2019-04-30T16:01:10","date_gmt":"2019-04-30T14:01:10","guid":{"rendered":"https:\/\/www.sharewood.fr\/?post_type=product&#038;p=1072"},"modified":"2024-10-23T12:00:44","modified_gmt":"2024-10-23T10:00:44","slug":"fairy-toiles-seules","status":"publish","type":"product","link":"https:\/\/www.sharewood.fr\/?product=fairy-toiles-seules","title":{"rendered":"Fairy Toiles seules"},"content":{"rendered":"<h4>Toiles de remplacement ou couleur \u00e0 la demande<br \/>\nsur la base du nuancier <a href=\"https:\/\/www.sunbrella.com\/en-us\/fabrics\/upholstery?pattern=solids&amp;color=\"><span style=\"color: #ff0000;\">\u00ab\u00a0Solids\u00a0\u00bb de Sunbrella\u00ae<\/span><\/a><\/h4>\n<p>Des toiles Sunbrella\u00ae, d\u00e9perlantes, anti-taches,<br \/>\ngaranties 5 ans en utilisation ext\u00e9rieure, qui s\u2019ins\u00e8rent<br \/>\nsur la structure en un clin d\u2019\u0153il&#8230;<\/p>\n<p>Les toiles sont r\u00e9alis\u00e9es \u00e0 la commande et demandent 2 semaines de d\u00e9lai<br \/>\nsous r\u00e9serve de disponibilit\u00e9.<\/p>\n<p>Merci de pr\u00e9ciser votre demande par mail : <span style=\"color: #ff0000;\"><a style=\"color: #ff0000;\" href=\"https:\/\/www.sharewood.fr\/?page_id=100\">contact@sharewood.fr<\/a><\/span><\/p>\n","protected":false},"excerpt":{"rendered":"<p>Toiles de remplacement ou couleur \u00e0 la demande sur la base du nuancier \u00ab\u00a0Solids\u00a0\u00bb de Sunbrella\u00ae Des toiles Sunbrella\u00ae, d\u00e9perlantes, anti-taches, garanties 5 ans en utilisation ext\u00e9rieure, qui s\u2019ins\u00e8rent sur la structure en un clin d\u2019\u0153il&#8230; Les toiles sont r\u00e9alis\u00e9es&hellip;<\/p>\n","protected":false},"featured_media":1080,"template":"","meta":{"_acf_changed":false},"product_brand":[],"product_cat":[36],"product_tag":[],"class_list":{"0":"post-1072","1":"product","2":"type-product","3":"status-publish","4":"has-post-thumbnail","6":"product_cat-fairy","7":"entry","8":"has-media","10":"first","11":"instock","12":"shipping-taxable","13":"purchasable","14":"product-type-variable","15":"col","16":"wpex-woo-entry","17":"span_1_of_3"},"acf":[],"_links":{"self":[{"href":"https:\/\/www.sharewood.fr\/index.php?rest_route=\/wp\/v2\/product\/1072","targetHints":{"allow":["GET"]}}],"collection":[{"href":"https:\/\/www.sharewood.fr\/index.php?rest_route=\/wp\/v2\/product"}],"about":[{"href":"https:\/\/www.sharewood.fr\/index.php?rest_route=\/wp\/v2\/types\/product"}],"wp:featuredmedia":[{"embeddable":true,"href":"https:\/\/www.sharewood.fr\/index.php?rest_route=\/wp\/v2\/media\/1080"}],"wp:attachment":[{"href":"https:\/\/www.sharewood.fr\/index.php?rest_route=%2Fwp%2Fv2%2Fmedia&parent=1072"}],"wp:term":[{"taxonomy":"product_brand","embeddable":true,"href":"https:\/\/www.sharewood.fr\/index.php?rest_route=%2Fwp%2Fv2%2Fproduct_brand&post=1072"},{"taxonomy":"product_cat","embeddable":true,"href":"https:\/\/www.sharewood.fr\/index.php?rest_route=%2Fwp%2Fv2%2Fproduct_cat&post=1072"},{"taxonomy":"product_tag","embeddable":true,"href":"https:\/\/www.sharewood.fr\/index.php?rest_route=%2Fwp%2Fv2%2Fproduct_tag&post=1072"}],"curies":[{"name":"wp","href":"https:\/\/api.w.org\/{rel}","templated":true}]}}