{"id":32,"date":"2018-01-15T16:34:31","date_gmt":"2018-01-15T15:34:31","guid":{"rendered":"http:\/\/arteditions.fr\/?page_id=32"},"modified":"2020-04-25T16:49:04","modified_gmt":"2020-04-25T14:49:04","slug":"collection","status":"publish","type":"page","link":"https:\/\/www.sharewood.fr\/?page_id=32","title":{"rendered":"Collection"},"content":{"rendered":"[vc_row][vc_column]<div class=\"vcex-spacing wpex-w-100 wpex-clear\" style=\"height:20px\"><\/div>[vc_column_text text_align=\u00a0\u00bbcenter\u00a0\u00bb]Sharewood propose une gamme de meubles au design exclusif, diffus\u00e9s uniquement sur ce site internet.<\/p>\n<p>Dessin\u00e9s, con\u00e7us et fabriqu\u00e9s int\u00e9gralement en France, ils peuvent \u00eatre adapt\u00e9s en taille et\/ou en couleur \u00e0 la commande.[\/vc_column_text]<div class=\"vcex-spacing wpex-w-100 wpex-clear\" style=\"height:20px\"><\/div><h1 class=\"vcex-module vcex-heading wpex-text-2xl wpex-font-normal wpex-m-auto wpex-max-w-100 vcex-heading-plain wpex-block wpex-text-center\"><span class=\"vcex-heading-inner wpex-inline-block wpex-clr\">Collection<\/span><\/h1><div class=\"vcex-spacing wpex-w-100 wpex-clear\" style=\"height:20px\"><\/div>[vc_basic_grid post_type=\u00a0\u00bbproduct\u00a0\u00bb max_items=\u00a0\u00bb-1&Prime; element_width=\u00a0\u00bb3&Prime; gap=\u00a0\u00bb5&Prime; order=\u00a0\u00bbASC\u00a0\u00bb item=\u00a0\u00bb207&Prime; initial_loading_animation=\u00a0\u00bbnone\u00a0\u00bb grid_id=\u00a0\u00bbvc_gid:1587826089112-031548df-a3f2-7&Prime; taxonomies=\u00a0\u00bb15, 35, 36&Prime; css=\u00a0\u00bb.vc_custom_1568207977452{margin-right: 0px !important;margin-left: 0px !important;}\u00a0\u00bb][\/vc_column][\/vc_row]\n","protected":false},"excerpt":{"rendered":"<p>[vc_row][vc_column][vc_column_text text_align=\u00a0\u00bbcenter\u00a0\u00bb]Sharewood propose une gamme de meubles au design exclusif, diffus\u00e9s uniquement sur ce site internet. Dessin\u00e9s, con\u00e7us et fabriqu\u00e9s int\u00e9gralement en France, ils peuvent \u00eatre adapt\u00e9s en taille et\/ou en couleur \u00e0 la commande.[\/vc_column_text][vc_basic_grid post_type=\u00a0\u00bbproduct\u00a0\u00bb max_items=\u00a0\u00bb-1&Prime; element_width=\u00a0\u00bb3&Prime; gap=\u00a0\u00bb5&Prime; order=\u00a0\u00bbASC\u00a0\u00bb&hellip;<\/p>\n","protected":false},"author":1,"featured_media":0,"parent":0,"menu_order":0,"comment_status":"closed","ping_status":"closed","template":"","meta":{"_acf_changed":false,"footnotes":""},"class_list":["post-32","page","type-page","status-publish","hentry","entry","no-media"],"acf":[],"_links":{"self":[{"href":"https:\/\/www.sharewood.fr\/index.php?rest_route=\/wp\/v2\/pages\/32","targetHints":{"allow":["GET"]}}],"collection":[{"href":"https:\/\/www.sharewood.fr\/index.php?rest_route=\/wp\/v2\/pages"}],"about":[{"href":"https:\/\/www.sharewood.fr\/index.php?rest_route=\/wp\/v2\/types\/page"}],"author":[{"embeddable":true,"href":"https:\/\/www.sharewood.fr\/index.php?rest_route=\/wp\/v2\/users\/1"}],"replies":[{"embeddable":true,"href":"https:\/\/www.sharewood.fr\/index.php?rest_route=%2Fwp%2Fv2%2Fcomments&post=32"}],"version-history":[{"count":17,"href":"https:\/\/www.sharewood.fr\/index.php?rest_route=\/wp\/v2\/pages\/32\/revisions"}],"predecessor-version":[{"id":1315,"href":"https:\/\/www.sharewood.fr\/index.php?rest_route=\/wp\/v2\/pages\/32\/revisions\/1315"}],"wp:attachment":[{"href":"https:\/\/www.sharewood.fr\/index.php?rest_route=%2Fwp%2Fv2%2Fmedia&parent=32"}],"curies":[{"name":"wp","href":"https:\/\/api.w.org\/{rel}","templated":true}]}}