{"id":100,"date":"2018-01-15T16:18:30","date_gmt":"2018-01-15T15:18:30","guid":{"rendered":"http:\/\/arteditions.fr\/?page_id=15"},"modified":"2024-04-03T15:52:07","modified_gmt":"2024-04-03T13:52:07","slug":"nous-contacter","status":"publish","type":"page","link":"https:\/\/www.sharewood.fr\/?page_id=100","title":{"rendered":"Contactez-nous \/ Livraison"},"content":{"rendered":"[vc_row][vc_column]<h1 class=\"vcex-module vcex-heading wpex-text-2xl wpex-font-normal wpex-m-auto wpex-max-w-100 vcex-heading-plain wpex-block wpex-text-center\"><span class=\"vcex-heading-inner wpex-inline-block wpex-clr\">Contactez-nous \/ Livraison<\/span><\/h1><div class=\"vcex-spacing wpex-w-100 wpex-clear\" style=\"height:10px\"><\/div>[\/vc_column][\/vc_row][vc_row][vc_column width=\u00a0\u00bb1\/2&Prime;]<div class=\"vcex-spacing wpex-w-100 wpex-clear\" style=\"height:5px\"><\/div>[vc_single_image image=\u00a0\u00bb741&Prime;]<div class=\"vcex-spacing wpex-w-100 wpex-clear\" style=\"height:30px\"><\/div>[vc_column_text]\n<p style=\"text-align: left;\">COME ON TRADINGS<br \/>\n26, rue au Bou\u00ebt<br \/>\n78490 Les Mesnuls &#8211; France<br \/>\nRCS Versailles 492 868 732 &#8211; NAF 742C<\/p>\n<p id=\"u9867-18\">Tous les meubles et objets pr\u00e9sent\u00e9s sur ce site sont des mod\u00e8les d\u00e9pos\u00e9s.<\/p>\n[\/vc_column_text][\/vc_column][vc_column width=\u00a0\u00bb1\/2&Prime;][vc_column_text]Nos articles sont tr\u00e8s divers, tant en taille qu\u2019en poids.<br \/>\nNous pouvons \u00e9tablir \u00e0 votre demande, un devis de livraison en fonction<br \/>\ndes caract\u00e9ristiques pr\u00e9cises de votre commande et de sa destination.<\/p>\n<p>Vous souhaitez un devis de livraison ou vous avez une question \u00e0 poser<br \/>\nau sujet d\u2019un de nos articles ?<\/p>\n<p>N\u2019h\u00e9sitez pas \u00e0 nous contacter en utilisant le formulaire si dessous<br \/>\nou en nous envoyant un mail \u00e0 : <a href=\"mailto:bruno@sharewood.fr\">bruno@sharewood.fr<\/a><br \/>\nou par t\u00e9l\u00e9phone + 33 (0)6 72 14 68 19[\/vc_column_text]<div class=\"vcex-spacing wpex-w-100 wpex-clear\" style=\"height:30px\"><\/div>\n<div class=\"wpcf7 no-js\" id=\"wpcf7-f615-o1\" lang=\"fr-FR\" dir=\"ltr\" data-wpcf7-id=\"615\">\n<div class=\"screen-reader-response\"><p role=\"status\" aria-live=\"polite\" aria-atomic=\"true\"><\/p> <ul><\/ul><\/div>\n<form action=\"\/index.php?rest_route=%2Fwp%2Fv2%2Fpages%2F100#wpcf7-f615-o1\" method=\"post\" class=\"wpcf7-form init\" aria-label=\"Formulaire de contact\" novalidate=\"novalidate\" data-status=\"init\">\n<div style=\"display: none;\">\n<input type=\"hidden\" name=\"_wpcf7\" value=\"615\" \/>\n<input type=\"hidden\" name=\"_wpcf7_version\" value=\"6.0.6\" \/>\n<input type=\"hidden\" name=\"_wpcf7_locale\" value=\"fr_FR\" \/>\n<input type=\"hidden\" name=\"_wpcf7_unit_tag\" value=\"wpcf7-f615-o1\" \/>\n<input type=\"hidden\" name=\"_wpcf7_container_post\" value=\"0\" \/>\n<input type=\"hidden\" name=\"_wpcf7_posted_data_hash\" value=\"\" \/>\n<\/div>\n<p><label> Votre nom*<br \/>\n<span class=\"wpcf7-form-control-wrap\" data-name=\"your-name\"><input size=\"40\" maxlength=\"400\" class=\"wpcf7-form-control wpcf7-text wpcf7-validates-as-required\" aria-required=\"true\" aria-invalid=\"false\" value=\"\" type=\"text\" name=\"your-name\" \/><\/span> <\/label><br \/>\n<label> Votre adresse e-mail*<br \/>\n<span class=\"wpcf7-form-control-wrap\" data-name=\"your-email\"><input size=\"40\" maxlength=\"400\" class=\"wpcf7-form-control wpcf7-email wpcf7-validates-as-required wpcf7-text wpcf7-validates-as-email\" aria-required=\"true\" aria-invalid=\"false\" value=\"\" type=\"email\" name=\"your-email\" \/><\/span> <\/label><br \/>\n<label>Votre num\u00e9ro de t\u00e9l\u00e9phone (si vous souhaitez \u00eatre rappel\u00e9)<br \/>\n<span class=\"wpcf7-form-control-wrap\" data-name=\"tel-609\"><input size=\"40\" maxlength=\"400\" class=\"wpcf7-form-control wpcf7-tel wpcf7-text wpcf7-validates-as-tel\" aria-invalid=\"false\" placeholder=\"06xxxxxxxx\" value=\"\" type=\"tel\" name=\"tel-609\" \/><\/span><\/label><br \/>\n<label> Votre message<br \/>\n<span class=\"wpcf7-form-control-wrap\" data-name=\"your-message\"><textarea cols=\"40\" rows=\"10\" maxlength=\"2000\" class=\"wpcf7-form-control wpcf7-textarea\" aria-invalid=\"false\" name=\"your-message\"><\/textarea><\/span> <\/label><br \/>\n<input class=\"wpcf7-form-control wpcf7-submit has-spinner\" type=\"submit\" value=\"Envoyer\" \/>\n<\/p><div class=\"wpcf7-response-output\" aria-hidden=\"true\"><\/div>\n<\/form>\n<\/div>\n[\/vc_column][\/vc_row][vc_row][vc_column][\/vc_column][\/vc_row]\n","protected":false},"excerpt":{"rendered":"<p>[vc_row][vc_column][\/vc_column][\/vc_row][vc_row][vc_column width=\u00a0\u00bb1\/2&Prime;][vc_single_image image=\u00a0\u00bb741&Prime;][vc_column_text] COME ON TRADINGS 26, rue au Bou\u00ebt 78490 Les Mesnuls &#8211; France RCS Versailles 492 868 732 &#8211; NAF 742C Tous les meubles et objets pr\u00e9sent\u00e9s sur ce site sont des mod\u00e8les d\u00e9pos\u00e9s. [\/vc_column_text][\/vc_column][vc_column width=\u00a0\u00bb1\/2&Prime;][vc_column_text]Nos articles sont&hellip;<\/p>\n","protected":false},"author":1,"featured_media":0,"parent":0,"menu_order":0,"comment_status":"closed","ping_status":"closed","template":"","meta":{"_acf_changed":false,"footnotes":""},"class_list":["post-100","page","type-page","status-publish","hentry","entry","no-media"],"acf":[],"_links":{"self":[{"href":"https:\/\/www.sharewood.fr\/index.php?rest_route=\/wp\/v2\/pages\/100","targetHints":{"allow":["GET"]}}],"collection":[{"href":"https:\/\/www.sharewood.fr\/index.php?rest_route=\/wp\/v2\/pages"}],"about":[{"href":"https:\/\/www.sharewood.fr\/index.php?rest_route=\/wp\/v2\/types\/page"}],"author":[{"embeddable":true,"href":"https:\/\/www.sharewood.fr\/index.php?rest_route=\/wp\/v2\/users\/1"}],"replies":[{"embeddable":true,"href":"https:\/\/www.sharewood.fr\/index.php?rest_route=%2Fwp%2Fv2%2Fcomments&post=100"}],"version-history":[{"count":5,"href":"https:\/\/www.sharewood.fr\/index.php?rest_route=\/wp\/v2\/pages\/100\/revisions"}],"predecessor-version":[{"id":1410,"href":"https:\/\/www.sharewood.fr\/index.php?rest_route=\/wp\/v2\/pages\/100\/revisions\/1410"}],"wp:attachment":[{"href":"https:\/\/www.sharewood.fr\/index.php?rest_route=%2Fwp%2Fv2%2Fmedia&parent=100"}],"curies":[{"name":"wp","href":"https:\/\/api.w.org\/{rel}","templated":true}]}}